{"id":1048,"date":"2023-09-11T11:36:35","date_gmt":"2023-09-11T09:36:35","guid":{"rendered":"https:\/\/pchph.uniwersytet.ignatianum.edu.pl\/?page_id=1048"},"modified":"2023-09-19T07:26:56","modified_gmt":"2023-09-19T05:26:56","slug":"contact","status":"publish","type":"page","link":"https:\/\/pchph.ignatianum.edu.pl\/en\/contact\/","title":{"rendered":"Contact"},"content":{"rendered":"\n<div class=\"wp-block-columns is-layout-flex wp-container-core-columns-is-layout-1 wp-block-columns-is-layout-flex\">\n<div class=\"wp-block-column is-layout-flow wp-block-column-is-layout-flow\" style=\"flex-basis:25%\">\n<p><strong>Publication series editors<\/strong><\/p>\n\n\n\n<p>Rev. dr hab.&nbsp;Maciej Pawe\u0142 Ba\u0142a, prof. UKSW<br>Phone: <a href=\"tel:+48506132993\">+ 48 506&nbsp;132 993<\/a><br>e-mail:&nbsp;<a href=\"mailto:m.bala@uksw.edu.pl\">m.bala@uksw.edu.pl<\/a><\/p>\n\n\n\n<p>Prof. dr hab. Piotr Stanis\u0142aw Mazur<br>Phone: <a href=\"tel:+48785032103\">+ 48 785&nbsp;032 103<\/a><br>e-mail:&nbsp;<a href=\"mailto:piotr.mazur@ignatianum.edu.pl\">piotr.mazur@ignatianum.edu.pl<\/a><\/p>\n\n\n\n<p><strong>Address for correspondence<\/strong><\/p>\n\n\n\n<p>Jesuit University Ignatianum in Krakow<br>Projects\u2019 Office<br>ul. Miko\u0142aja Kopernika 26<br>31-501 Krak\u00f3w, PL<\/p>\n<\/div>\n\n\n\n<div class=\"wp-block-column is-layout-flow wp-block-column-is-layout-flow\" style=\"flex-basis:75%\">\t\t\t<div \n\t\t\tclass=\"wp-block-uagb-google-map uagb-google-map__wrap uagb-block-c282daab     \"\n\t\t\tstyle=\"\" >\n\t\t\t\t<embed\n\t\t\t\t\tclass=\"uagb-google-map__iframe\"\n\t\t\t\t\ttitle=\"Google Map for \"\n\t\t\t\t\tsrc=\"https:\/\/maps.google.com\/maps?q=ul.%20Miko%C5%82aja%20Kopernika%2026%2031-501%20Krak%C3%B3w%2C%20PL&#038;z=17&#038;hl=en&#038;t=m&#038;output=embed&#038;iwloc=near\"\n\t\t\t\t\twidth=\"640\"\n\t\t\t\t\theight=\"500\"\n\t\t\t\t\tloading=\"lazy\"\n\t\t\t\t><\/embed>\n\t\t\t<\/div>\n\t\t\t<\/div>\n<\/div>\n<div class=\"mdp-speaker-wrapper\">\n            \n            \n            \n            \n            <div class=\"mdp-speaker-box mdp-speaker-box after-content speaker-mediaelement\">\n                <div class=\"mdp-speaker-player\"  data-type=\"speaker-mediaelement\" data-id=\"1048\" data-src=\"http:\/\/pchph.ignatianum.edu.pl\/wp-content\/uploads\/sites\/18\/speaker\/post-1048.mp3?cb=1719465183.mp3\" data-download=\"1\" data-speeds=\"0.5,0.75,1,1.25,1.5\" data-share=\"\" >\n                    <!--[if lt IE 9]><script>document.createElement('audio');<\/script><![endif]-->\n<audio aria-label=\"Audio of Contact\"class=\"wp-audio-shortcode\" id=\"audio-1048-1\" preload=\"metadata\" style=\"width: 100%;\" controls=\"controls\"><source type=\"audio\/mpeg\" src=\"http:\/\/pchph.ignatianum.edu.pl\/wp-content\/uploads\/sites\/18\/speaker\/post-1048.mp3?cb=1719465183.mp3&#038;_=1\" \/><a href=\"http:\/\/pchph.ignatianum.edu.pl\/wp-content\/uploads\/sites\/18\/speaker\/post-1048.mp3?cb=1719465183.mp3\">http:\/\/pchph.ignatianum.edu.pl\/wp-content\/uploads\/sites\/18\/speaker\/post-1048.mp3?cb=1719465183.mp3<\/a><\/audio>\n                <\/div>\n            <\/div>\n            \n            \n            \n            \n\t\t\t<\/div><!-- PMB print buttons is only displayed on a single post\/page URLs-->","protected":false},"excerpt":{"rendered":"Publication series editors Rev. dr hab.&nbsp;Maciej Pawe\u0142 Ba\u0142a, prof. UKSWPhone: + 48 506&nbsp;132 993e-mail:&nbsp;m.bala@uksw.edu.pl Prof. dr hab. Piotr Stanis\u0142aw MazurPhone: + 48 785&nbsp;032 103e-mail:&nbsp;piotr.mazur@ignatianum.edu.pl Address for correspondence Jesuit University Ignatianum [&hellip;]","protected":false},"author":7,"featured_media":0,"parent":0,"menu_order":0,"comment_status":"closed","ping_status":"closed","template":"","meta":{"_acf_changed":false,"_uag_custom_page_level_css":"","site-sidebar-layout":"default","site-content-layout":"","ast-site-content-layout":"","site-content-style":"default","site-sidebar-style":"default","ast-global-header-display":"","ast-banner-title-visibility":"","ast-main-header-display":"","ast-hfb-above-header-display":"","ast-hfb-below-header-display":"","ast-hfb-mobile-header-display":"","site-post-title":"","ast-breadcrumbs-content":"","ast-featured-img":"","footer-sml-layout":"","theme-transparent-header-meta":"","adv-header-id-meta":"","stick-header-meta":"","header-above-stick-meta":"","header-main-stick-meta":"","header-below-stick-meta":"","astra-migrate-meta-layouts":"default","ast-page-background-enabled":"default","ast-page-background-meta":{"desktop":{"background-color":"var(--ast-global-color-4)","background-image":"","background-repeat":"repeat","background-position":"center center","background-size":"auto","background-attachment":"scroll","background-type":"","background-media":"","overlay-type":"","overlay-color":"","overlay-opacity":"","overlay-gradient":""},"tablet":{"background-color":"","background-image":"","background-repeat":"repeat","background-position":"center center","background-size":"auto","background-attachment":"scroll","background-type":"","background-media":"","overlay-type":"","overlay-color":"","overlay-opacity":"","overlay-gradient":""},"mobile":{"background-color":"","background-image":"","background-repeat":"repeat","background-position":"center center","background-size":"auto","background-attachment":"scroll","background-type":"","background-media":"","overlay-type":"","overlay-color":"","overlay-opacity":"","overlay-gradient":""}},"ast-content-background-meta":{"desktop":{"background-color":"var(--ast-global-color-5)","background-image":"","background-repeat":"repeat","background-position":"center center","background-size":"auto","background-attachment":"scroll","background-type":"","background-media":"","overlay-type":"","overlay-color":"","overlay-opacity":"","overlay-gradient":""},"tablet":{"background-color":"var(--ast-global-color-5)","background-image":"","background-repeat":"repeat","background-position":"center center","background-size":"auto","background-attachment":"scroll","background-type":"","background-media":"","overlay-type":"","overlay-color":"","overlay-opacity":"","overlay-gradient":""},"mobile":{"background-color":"var(--ast-global-color-5)","background-image":"","background-repeat":"repeat","background-position":"center center","background-size":"auto","background-attachment":"scroll","background-type":"","background-media":"","overlay-type":"","overlay-color":"","overlay-opacity":"","overlay-gradient":""}},"ngg_post_thumbnail":0,"footnotes":""},"acf":[],"uagb_featured_image_src":{"full":false,"thumbnail":false,"medium":false,"medium_large":false,"large":false,"1536x1536":false,"2048x2048":false},"uagb_author_info":{"display_name":"pszczubelek","author_link":"https:\/\/pchph.ignatianum.edu.pl\/en\/author\/pszczubelek\/"},"uagb_comment_info":0,"uagb_excerpt":"Publication series editors Rev. dr hab.&nbsp;Maciej Pawe\u0142 Ba\u0142a, prof. UKSWPhone: + 48 506&nbsp;132 993e-mail:&nbsp;m.bala@uksw.edu.pl Prof. dr hab. Piotr Stanis\u0142aw MazurPhone: + 48 785&nbsp;032 103e-mail:&nbsp;piotr.mazur@ignatianum.edu.pl Address for correspondence Jesuit University Ignatianum [&hellip;]","_links":{"self":[{"href":"https:\/\/pchph.ignatianum.edu.pl\/en\/wp-json\/wp\/v2\/pages\/1048"}],"collection":[{"href":"https:\/\/pchph.ignatianum.edu.pl\/en\/wp-json\/wp\/v2\/pages"}],"about":[{"href":"https:\/\/pchph.ignatianum.edu.pl\/en\/wp-json\/wp\/v2\/types\/page"}],"author":[{"embeddable":true,"href":"https:\/\/pchph.ignatianum.edu.pl\/en\/wp-json\/wp\/v2\/users\/7"}],"replies":[{"embeddable":true,"href":"https:\/\/pchph.ignatianum.edu.pl\/en\/wp-json\/wp\/v2\/comments?post=1048"}],"version-history":[{"count":2,"href":"https:\/\/pchph.ignatianum.edu.pl\/en\/wp-json\/wp\/v2\/pages\/1048\/revisions"}],"predecessor-version":[{"id":1374,"href":"https:\/\/pchph.ignatianum.edu.pl\/en\/wp-json\/wp\/v2\/pages\/1048\/revisions\/1374"}],"wp:attachment":[{"href":"https:\/\/pchph.ignatianum.edu.pl\/en\/wp-json\/wp\/v2\/media?parent=1048"}],"curies":[{"name":"wp","href":"https:\/\/api.w.org\/{rel}","templated":true}]}}