{"id":1091,"date":"2023-09-11T11:27:10","date_gmt":"2023-09-11T09:27:10","guid":{"rendered":"https:\/\/pchph.uniwersytet.ignatianum.edu.pl\/?page_id=1091"},"modified":"2023-09-19T07:33:09","modified_gmt":"2023-09-19T05:33:09","slug":"project-leaders-and-editors-of-the-series","status":"publish","type":"page","link":"https:\/\/pchph.ignatianum.edu.pl\/en\/project-leaders-and-editors-of-the-series\/","title":{"rendered":"Project leaders and editors of the series"},"content":{"rendered":"\n<div class=\"wp-block-columns is-layout-flex wp-container-core-columns-is-layout-1 wp-block-columns-is-layout-flex\">\n<div class=\"wp-block-column is-layout-flow wp-block-column-is-layout-flow\" style=\"flex-basis:40%\">\n<div class=\"wp-block-uagb-image alignleft uagb-block-77a33661 wp-block-uagb-image--layout-default wp-block-uagb-image--effect-static wp-block-uagb-image--align-left\"><figure class=\"wp-block-uagb-image__figure\"><img decoding=\"async\" srcset=\"https:\/\/pchph.uniwersytet.ignatianum.edu.pl\/wp-content\/uploads\/sites\/18\/2023\/09\/blobid1499407877694.jpg ,https:\/\/pchph.uniwersytet.ignatianum.edu.pl\/wp-content\/uploads\/sites\/18\/2023\/09\/699100db188fa23a8c45a57dab7edc6e-1024x683.jpg 780w, https:\/\/pchph.uniwersytet.ignatianum.edu.pl\/wp-content\/uploads\/sites\/18\/2023\/09\/699100db188fa23a8c45a57dab7edc6e-1024x683.jpg 360w\" sizes=\"(max-width: 480px) 150px\" src=\"https:\/\/pchph.uniwersytet.ignatianum.edu.pl\/wp-content\/uploads\/sites\/18\/2023\/09\/blobid1499407877694.jpg\" alt=\"\" class=\"uag-image-649\" width=\"350\" height=\"434\" title=\"\" loading=\"lazy\"\/><\/figure><\/div>\n<\/div>\n\n\n\n<div class=\"wp-block-column is-layout-flow wp-block-column-is-layout-flow\" style=\"flex-basis:60%\">\n<p><strong>Rev. Dr hab. Maciej Ba\u0142a, prof. UKSW<\/strong>&nbsp;\u2013 a philosopher, theologian, and lecturer at the Institute of Philosophy of Cardinal Stefan Wyszynski University in Warsaw (UKSW), the employee of the Chair of Philosophy of Culture and Religion, Dean of the Faculty of Christian Philosophy.<\/p>\n\n\n\n<p>He published the following works:&nbsp;<em>Pokocha\u0107 m\u0105dro\u015b\u0107. Zarys dydaktyki filozofii i etyki<\/em>&nbsp;[<em>To Love Wisdom: The Outline of Didactics of<\/em>&nbsp;<em>Philosophy and Ethics<\/em>] (Warsaw 2009, co-authors: J. Jeziorska and S. Zalewska);&nbsp;<em>I Cannot Help But Wonder\u2026 Introduction to Philosophy<\/em>&nbsp;(Warsaw 2008, the Kindle edition of 2015 \u2013 available at amazon.com);&nbsp;<em>O mo\u017cliwo\u015bci hermeneutycznej filozofii religii. Propozycja Paula Ric\u0153ura<\/em>&nbsp;[<em>On the Possibility of a Hermeneutical Philosophy of Religion: Paul Ric\u0153ur\u2019s Idea<\/em>] (Warsaw 2007);&nbsp;<em>I nadziwi\u0107 si\u0119 nie mog\u0119<\/em>&nbsp;[<em>I Cannot Help But Wonder<\/em>] (Toru\u0144 2003, digital edition of 2015);&nbsp;<em>Filozofia w \u0107wiczeniach<\/em>&nbsp;[<em>Philosophy in Exercises<\/em>] (Pelplin 2003);&nbsp;<em>Dialogi Jerozolimskie<\/em>&nbsp;[<em>Jerusalem Dialogues<\/em>] (Pelplin 2004, digital edition of 2015);&nbsp;<em>Listy z Biblii<\/em>&nbsp;[<em>Letters from the Bible<\/em>] (Gniezno 2001), as well as several dozen scientific articles, encyclopaedia entries and reviews. Also, his scientific achievements include editing six books and five issues of the \u201cStudia Gda\u0144skie\u201d [<em>Gda\u0144sk Studies<\/em>] revue. He was the doctoral supervisor of four doctors of philosophy. His hobby is mountaineering.<\/p>\n\n\n\n<p><strong>Phone:&nbsp;<\/strong><a href=\"tel:+48506132993\">+ 48 506 132 993<\/a><br><strong>e-mail:&nbsp;<\/strong><a href=\"mailto:m.bala@uksw.edu.pl\">m.bala@uksw.edu.pl<\/a><\/p>\n<\/div>\n<\/div>\n\n\n\n<div class=\"wp-block-columns is-layout-flex wp-container-core-columns-is-layout-2 wp-block-columns-is-layout-flex\">\n<div class=\"wp-block-column is-layout-flow wp-block-column-is-layout-flow\" style=\"flex-basis:60%\">\n<p><strong>Prof. dr hab. Piotr Stanis\u0142aw Mazur<\/strong>&nbsp;\u2013 a philosopher and lecturer at the Institute of Philosophy of the Jesuit University Ignatianum in Krakow (AIK), the head of the Chair of the Philosophy of Being, Man and Society.<\/p>\n\n\n\n<p>His published works include:&nbsp;<em>O nazwach intelektu<\/em>&nbsp;[<em>On the Names of the Intellect<\/em>] (Lublin 2004);&nbsp;<em>W kr\u0119gu pyta\u0144 o cz\u0142owieka<\/em>&nbsp;[<em>Questions Concerning the Man<\/em>] (Lublin 2008);&nbsp;<em>Prowidencja ludzka jako podstawa roztropnego formowania zasad \u017cycia osobowego i spo\u0142ecznego cz\u0142owieka. Studium z antropologii filozoficznej na bazie tekst\u00f3w \u015bw. Tomasza i jego wsp\u00f3\u0142czesnych komentator\u00f3w<\/em>&nbsp;[<em>Human Providence As the Basis for a Reasonable Creation of Principles Concerning the Personal and Social Life of Man: A Study on Philosophical Anthropology Based on the Texts by St Thomas Aquinas and His Contemporary Commentators<\/em>] (Krakow 2009);&nbsp;<em>Zarys podstaw filozofii cz\u0142owieka. Antropologiczne zastosowanie metody separacji<\/em>&nbsp;[<em>The Outline of the Basis of the Philosophy of Man: The Anthropological Application of the Separation Method<\/em>] (Krakow 2016),&nbsp;<em>Metafizyka istnienia cz\u0142owieka<\/em>&nbsp;[<em>The Metaphysics of Human Existence<\/em>] (Krak\u00f3w 2018),&nbsp;<em>Jacek Woroniecki<\/em>&nbsp;(Krakow 2019, co-authors: B. Kiere\u015b, R. Skrzyniarz, A. P\u0142azi\u0144ska).&nbsp; He has also edited four monographic publications, including&nbsp;<em>A Companion to Polish Christian Philosophy of the 20th and 21st Centuries<\/em>&nbsp;(Krakow 2020, co-editors: P. Duchli\u0144ski, P. Skrzydlewski), as well as several dozen scientific and popular science articles, encyclopaedia entries and reviews.<\/p>\n\n\n\n<p><strong>Phone:<\/strong>&nbsp;<a href=\"tel:+48785032103\">+ 48 785 032 103<\/a><br><strong>e-mail:<\/strong>&nbsp;<a href=\"mailto:piotr.mazur@ignatianum.edu.pl\">piotr.mazur@ignatianum.edu.pl<\/a><\/p>\n<\/div>\n\n\n\n<div class=\"wp-block-column is-layout-flow wp-block-column-is-layout-flow\" style=\"flex-basis:40%\">\n<div class=\"wp-block-uagb-image alignright uagb-block-353c3ebd wp-block-uagb-image--layout-default wp-block-uagb-image--effect-static wp-block-uagb-image--align-right\"><figure class=\"wp-block-uagb-image__figure\"><img decoding=\"async\" srcset=\"https:\/\/pchph.uniwersytet.ignatianum.edu.pl\/wp-content\/uploads\/sites\/18\/2023\/09\/blobid1499408068453.jpg ,https:\/\/pchph.uniwersytet.ignatianum.edu.pl\/wp-content\/uploads\/sites\/18\/2023\/09\/699100db188fa23a8c45a57dab7edc6e-1024x683.jpg 780w, https:\/\/pchph.uniwersytet.ignatianum.edu.pl\/wp-content\/uploads\/sites\/18\/2023\/09\/699100db188fa23a8c45a57dab7edc6e-1024x683.jpg 360w\" sizes=\"(max-width: 480px) 150px\" src=\"https:\/\/pchph.uniwersytet.ignatianum.edu.pl\/wp-content\/uploads\/sites\/18\/2023\/09\/blobid1499408068453.jpg\" alt=\"\" class=\"uag-image-656\" width=\"350\" height=\"434\" title=\"\" loading=\"lazy\"\/><\/figure><\/div>\n<\/div>\n<\/div>\n\n\n\n<div class=\"wp-block-columns is-layout-flex wp-container-core-columns-is-layout-3 wp-block-columns-is-layout-flex\">\n<div class=\"wp-block-column is-layout-flow wp-block-column-is-layout-flow\">\n<h2 class=\"wp-block-heading\">Scientific Board<\/h2>\n\n\n\n<p>Prof. Dr hab. Artur Andrzejuk<br>Prof. Dr hab. Tadeusz Biesaga SDB<br>Prof. Dr hab. J\u00f3zef Bremer SJ<br>Dr hab. Piotr Duchli\u0144ski, prof. AIK<br>Rev. Prof. Dr hab. Grzegorz Ho\u0142ub<br>Rev. Dr hab. Jaros\u0142aw Jagie\u0142\u0142o, prof. UPJPII<br>Prof. Dr hab. Adam Jonkisz<br>Rev. Prof. Dr hab. Jan Krokos<br>Prof. Dr hab. Anna Latawiec<br>Prof. Dr hab. Anna Lema\u0144ska<br>Prof. Dr hab. Damian Leszczy\u0144ski<br>Rev. Prof. Dr hab. Ryszard Mo\u0144<br>Dr hab. Zbigniew Pa\u0144puch, prof. KUL<br>Dr hab. Ewa Podrez, prof. UKSW<br>Dr hab. Pawe\u0142 Skrzydlewski, prof. PWSZ<br>Rev. Prof. Dr hab. Jan Socho\u0144<br>Prof. Dr hab. Krzysztof Stachewicz<br>Rev. Prof. Dr hab. Kazimierz M. Wolsza<br>Rev. Prof. Dr hab. W\u0142adys\u0142aw Zuziak<\/p>\n<\/div>\n\n\n\n<div class=\"wp-block-column is-layout-flow wp-block-column-is-layout-flow\">\n<h2 class=\"wp-block-heading\">Project team<\/h2>\n\n\n\n<p>Academics and doctoral students of the 16 universities:<\/p>\n\n\n\n<ul>\n<li>Jesuit University Ignatianum in Krakow<\/li>\n\n\n\n<li>Academy of Physical Education in Warsaw (Branch in Bia\u0142a Podlaska)<\/li>\n\n\n\n<li>John Paul II Catholic University of Lublin<\/li>\n\n\n\n<li>Kujawy and Pomorze University in Bydgoszcz<\/li>\n\n\n\n<li>Adam Mickiewicz University in Pozna\u0144<\/li>\n\n\n\n<li>Jagiellonian University<\/li>\n\n\n\n<li>Cardinal Stefan Wyszynski University in Warsaw<\/li>\n\n\n\n<li>University of Opole<\/li>\n\n\n\n<li>John Paul II Pontifical University in Krakow<\/li>\n\n\n\n<li>University of Szczecin<\/li>\n\n\n\n<li>University of Silesia in Katowice<\/li>\n\n\n\n<li>University of Warmia and Mazury in Olsztyn<\/li>\n\n\n\n<li>University of Wroclaw<\/li>\n\n\n\n<li>School of Administration in Bielsko Bia\u0142a<\/li>\n\n\n\n<li>College of Social and Media Culture in Toru\u0144<\/li>\n\n\n\n<li>Pontifical Lateran University in Rome<\/li>\n<\/ul>\n<\/div>\n<\/div>\n<div class=\"mdp-speaker-wrapper\">\n            \n            \n            \n            \n            <div class=\"mdp-speaker-box mdp-speaker-box after-content speaker-mediaelement\">\n                <div class=\"mdp-speaker-player\"  data-type=\"speaker-mediaelement\" data-id=\"1091\" data-src=\"http:\/\/pchph.ignatianum.edu.pl\/wp-content\/uploads\/sites\/18\/speaker\/post-1091.mp3?cb=1719465217.mp3\" data-download=\"1\" data-speeds=\"0.5,0.75,1,1.25,1.5\" data-share=\"\" >\n                    <!--[if lt IE 9]><script>document.createElement('audio');<\/script><![endif]-->\n<audio aria-label=\"Audio of Project leaders and editors of the series\"class=\"wp-audio-shortcode\" id=\"audio-1091-1\" preload=\"metadata\" style=\"width: 100%;\" controls=\"controls\"><source type=\"audio\/mpeg\" src=\"http:\/\/pchph.ignatianum.edu.pl\/wp-content\/uploads\/sites\/18\/speaker\/post-1091.mp3?cb=1719465217.mp3&#038;_=1\" \/><a href=\"http:\/\/pchph.ignatianum.edu.pl\/wp-content\/uploads\/sites\/18\/speaker\/post-1091.mp3?cb=1719465217.mp3\">http:\/\/pchph.ignatianum.edu.pl\/wp-content\/uploads\/sites\/18\/speaker\/post-1091.mp3?cb=1719465217.mp3<\/a><\/audio>\n                <\/div>\n            <\/div>\n            \n            \n            \n            \n\t\t\t<\/div><!-- PMB print buttons is only displayed on a single post\/page URLs-->","protected":false},"excerpt":{"rendered":"Rev. Dr hab. Maciej Ba\u0142a, prof. UKSW&nbsp;\u2013 a philosopher, theologian, and lecturer at the Institute of Philosophy of Cardinal Stefan Wyszynski University in Warsaw (UKSW), the employee of the Chair [&hellip;]","protected":false},"author":7,"featured_media":0,"parent":0,"menu_order":0,"comment_status":"closed","ping_status":"closed","template":"","meta":{"_acf_changed":false,"_uag_custom_page_level_css":"","site-sidebar-layout":"default","site-content-layout":"","ast-site-content-layout":"","site-content-style":"default","site-sidebar-style":"default","ast-global-header-display":"","ast-banner-title-visibility":"","ast-main-header-display":"","ast-hfb-above-header-display":"","ast-hfb-below-header-display":"","ast-hfb-mobile-header-display":"","site-post-title":"","ast-breadcrumbs-content":"","ast-featured-img":"","footer-sml-layout":"","theme-transparent-header-meta":"","adv-header-id-meta":"","stick-header-meta":"","header-above-stick-meta":"","header-main-stick-meta":"","header-below-stick-meta":"","astra-migrate-meta-layouts":"default","ast-page-background-enabled":"default","ast-page-background-meta":{"desktop":{"background-color":"var(--ast-global-color-4)","background-image":"","background-repeat":"repeat","background-position":"center center","background-size":"auto","background-attachment":"scroll","background-type":"","background-media":"","overlay-type":"","overlay-color":"","overlay-opacity":"","overlay-gradient":""},"tablet":{"background-color":"","background-image":"","background-repeat":"repeat","background-position":"center center","background-size":"auto","background-attachment":"scroll","background-type":"","background-media":"","overlay-type":"","overlay-color":"","overlay-opacity":"","overlay-gradient":""},"mobile":{"background-color":"","background-image":"","background-repeat":"repeat","background-position":"center center","background-size":"auto","background-attachment":"scroll","background-type":"","background-media":"","overlay-type":"","overlay-color":"","overlay-opacity":"","overlay-gradient":""}},"ast-content-background-meta":{"desktop":{"background-color":"var(--ast-global-color-5)","background-image":"","background-repeat":"repeat","background-position":"center center","background-size":"auto","background-attachment":"scroll","background-type":"","background-media":"","overlay-type":"","overlay-color":"","overlay-opacity":"","overlay-gradient":""},"tablet":{"background-color":"var(--ast-global-color-5)","background-image":"","background-repeat":"repeat","background-position":"center center","background-size":"auto","background-attachment":"scroll","background-type":"","background-media":"","overlay-type":"","overlay-color":"","overlay-opacity":"","overlay-gradient":""},"mobile":{"background-color":"var(--ast-global-color-5)","background-image":"","background-repeat":"repeat","background-position":"center center","background-size":"auto","background-attachment":"scroll","background-type":"","background-media":"","overlay-type":"","overlay-color":"","overlay-opacity":"","overlay-gradient":""}},"ngg_post_thumbnail":0,"footnotes":""},"acf":[],"uagb_featured_image_src":{"full":false,"thumbnail":false,"medium":false,"medium_large":false,"large":false,"1536x1536":false,"2048x2048":false},"uagb_author_info":{"display_name":"pszczubelek","author_link":"https:\/\/pchph.ignatianum.edu.pl\/en\/author\/pszczubelek\/"},"uagb_comment_info":0,"uagb_excerpt":"Rev. Dr hab. Maciej Ba\u0142a, prof. UKSW&nbsp;\u2013 a philosopher, theologian, and lecturer at the Institute of Philosophy of Cardinal Stefan Wyszynski University in Warsaw (UKSW), the employee of the Chair [&hellip;]","_links":{"self":[{"href":"https:\/\/pchph.ignatianum.edu.pl\/en\/wp-json\/wp\/v2\/pages\/1091"}],"collection":[{"href":"https:\/\/pchph.ignatianum.edu.pl\/en\/wp-json\/wp\/v2\/pages"}],"about":[{"href":"https:\/\/pchph.ignatianum.edu.pl\/en\/wp-json\/wp\/v2\/types\/page"}],"author":[{"embeddable":true,"href":"https:\/\/pchph.ignatianum.edu.pl\/en\/wp-json\/wp\/v2\/users\/7"}],"replies":[{"embeddable":true,"href":"https:\/\/pchph.ignatianum.edu.pl\/en\/wp-json\/wp\/v2\/comments?post=1091"}],"version-history":[{"count":2,"href":"https:\/\/pchph.ignatianum.edu.pl\/en\/wp-json\/wp\/v2\/pages\/1091\/revisions"}],"predecessor-version":[{"id":1378,"href":"https:\/\/pchph.ignatianum.edu.pl\/en\/wp-json\/wp\/v2\/pages\/1091\/revisions\/1378"}],"wp:attachment":[{"href":"https:\/\/pchph.ignatianum.edu.pl\/en\/wp-json\/wp\/v2\/media?parent=1091"}],"curies":[{"name":"wp","href":"https:\/\/api.w.org\/{rel}","templated":true}]}}