{"id":1234,"date":"2023-09-12T12:11:14","date_gmt":"2023-09-12T10:11:14","guid":{"rendered":"https:\/\/pchph.uniwersytet.ignatianum.edu.pl\/?page_id=1234"},"modified":"2023-09-19T07:25:16","modified_gmt":"2023-09-19T05:25:16","slug":"christian-philosophy-its-past-present-and-future","status":"publish","type":"page","link":"https:\/\/pchph.ignatianum.edu.pl\/en\/christian-philosophy-its-past-present-and-future\/","title":{"rendered":"Christian Philosophy: Its Past, Present and Future"},"content":{"rendered":"\n<p>On September 22\u201323, 2020, the international conference \u201cChristian Philosophy: Its Past, Present and Future\u201d was held in Krakow. The aim of the conference was to summarize the project \u201cMonuments of Polish Christian philosophy of the 20th century\u201d and to promote its results. The conference gathered representatives of Christian philosophy and researchers from all over the world who conduct their philosophical investigation in the context of Christian faith. The conference was attended by 42 participants coming from 23 academic research centers, 21 of whom represent foreign universities. On the Polish side, the majority of the speakers were the members of the project\u2019s team.<\/p>\n\n\n\n<h2 class=\"wp-block-heading has-text-align-center\">See below the conference program and video clips with the participants\u2019 addresses.<\/h2>\n\n\n\n<h3 class=\"wp-block-heading has-text-align-center\"><strong>Tuesday, 22.09.2020<\/strong><\/h3>\n\n\n\n<div class=\"wp-block-uagb-faq uagb-faq__outer-wrap uagb-block-b96b6bb8 uagb-faq-icon-row-reverse uagb-faq-layout-accordion uagb-faq-expand-first-false uagb-faq-inactive-other-true uagb-faq__wrap uagb-buttons-layout-wrap uagb-faq-equal-height\" data-faqtoggle=\"false\" role=\"tablist\">\n<div class=\"wp-block-uagb-faq-child uagb-faq-child__outer-wrap uagb-faq-item uagb-block-fc7305f6\" role=\"tab\" tabindex=\"0\"><div class=\"uagb-faq-questions-button uagb-faq-questions\"><span class=\"uagb-icon uagb-faq-icon-wrap\"><svg xmlns=\"https:\/\/www.w3.org\/2000\/svg\" viewBox=\"0 0 448 512\"><path d=\"M224 416c-8.188 0-16.38-3.125-22.62-9.375l-192-192c-12.5-12.5-12.5-32.75 0-45.25s32.75-12.5 45.25 0L224 338.8l169.4-169.4c12.5-12.5 32.75-12.5 45.25 0s12.5 32.75 0 45.25l-192 192C240.4 412.9 232.2 416 224 416z\"><\/path><\/svg><\/span><span class=\"uagb-icon-active uagb-faq-icon-wrap\"><svg xmlns=\"https:\/\/www.w3.org\/2000\/svg\" viewBox=\"0 0 448 512\"><path d=\"M416 352c-8.188 0-16.38-3.125-22.62-9.375L224 173.3l-169.4 169.4c-12.5 12.5-32.75 12.5-45.25 0s-12.5-32.75 0-45.25l192-192c12.5-12.5 32.75-12.5 45.25 0l192 192c12.5 12.5 12.5 32.75 0 45.25C432.4 348.9 424.2 352 416 352z\"><\/path><\/svg><\/span><h4 class=\"uagb-question\">Session 1<\/h4><\/div><p class=\"uagb-faq-content\">Jean Gov\u00e9 (University of St. Andrews, UK),\u00a0<a href=\"https:\/\/youtu.be\/64QYxv4WjkE\"><em>Extended Mind. Extended Self? Extended Soul?!<\/em><\/a><br><br>Jacek Surzyn (Jesuit University Ignatianum in Krakow, Poland),\u00a0<a href=\"https:\/\/youtu.be\/4YOEF2Wi1mE\"><em>Faith and Reason: Reflections on Anselm of Canterbury\u2019s \u201cUnum Argumentum\u201d<\/em><\/a><br><br>Anna Varga-Jani (P\u00e1zm\u00e1ny P\u00e9ter Catholic University Budapest, Hungary),\u00a0<a href=\"https:\/\/youtu.be\/JxtoiQRUR0w\"><em>Husserlian Transcendental Idealism and the Question concerning Being: An Original Linkage between Phenomenology and Theology<\/em><\/a><br><br>Jakub Pru\u015b (Jesuit University Ignatianum in Krakow, Poland),\u00a0<a href=\"https:\/\/youtu.be\/dfWmTfDOzkA\"><em>St. Ignatius\u2019s Presupponendum as Christian Extension of the Principle of Charity in Argumentation Theory<\/em><\/a><br><br>Kingsley Mbamara Sabastine (John Paul II Catholic University of Lublin, Poland),\u00a0<a href=\"https:\/\/youtu.be\/Xyw8lhMngtw\"><em>Methods of Practicing Christian Philosophy with Specific Reference to Stanislaw Kaminski<\/em><\/a><\/p><\/div>\n\n\n\n<div class=\"wp-block-uagb-faq-child uagb-faq-child__outer-wrap uagb-faq-item uagb-block-10c5f11a\" role=\"tab\" tabindex=\"0\"><div class=\"uagb-faq-questions-button uagb-faq-questions\"><span class=\"uagb-icon uagb-faq-icon-wrap\"><svg xmlns=\"https:\/\/www.w3.org\/2000\/svg\" viewBox=\"0 0 448 512\"><path d=\"M224 416c-8.188 0-16.38-3.125-22.62-9.375l-192-192c-12.5-12.5-12.5-32.75 0-45.25s32.75-12.5 45.25 0L224 338.8l169.4-169.4c12.5-12.5 32.75-12.5 45.25 0s12.5 32.75 0 45.25l-192 192C240.4 412.9 232.2 416 224 416z\"><\/path><\/svg><\/span><span class=\"uagb-icon-active uagb-faq-icon-wrap\"><svg xmlns=\"https:\/\/www.w3.org\/2000\/svg\" viewBox=\"0 0 448 512\"><path d=\"M416 352c-8.188 0-16.38-3.125-22.62-9.375L224 173.3l-169.4 169.4c-12.5 12.5-32.75 12.5-45.25 0s-12.5-32.75 0-45.25l192-192c12.5-12.5 32.75-12.5 45.25 0l192 192c12.5 12.5 12.5 32.75 0 45.25C432.4 348.9 424.2 352 416 352z\"><\/path><\/svg><\/span><h4 class=\"uagb-question\">Session2<\/h4><\/div><p class=\"uagb-faq-content\">Special Session titled \u201cPolish Christian Philosophy in XX century\u201d, part 1 (session in Polish with English simultaneous translation)<br><br>Marek Urban (Pontifical University of John Paul II in Krakow, Poland),\u00a0<a href=\"https:\/\/youtu.be\/k8YY8LYuFes\"><em>The Philosophy of History of Konstanty Michalski and the Challenges of Today<\/em><\/a><br><br>Zbigniew Pa\u0144puch (John Paul II Catholic University of Lublin, Poland),\u00a0<em>The Most Significant Contributions of M.A. Kr\u0105piec to Philosophical Realism\u00a0<\/em>[not available]<br><br>Artur Andrzejuk (Cardinal Stefan Wyszy\u0144ski University in Warsaw, Poland),\u00a0<a href=\"https:\/\/youtu.be\/KHvnz_R_wgQ\"><em>A Consistent Thomism by Mieczys\u0142aw Gogacz<\/em><\/a><br><br>Jaros\u0142aw Jagie\u0142\u0142o (Pontifical University of John Paul II in Krakow, Poland),\u00a0<em><a href=\"https:\/\/youtu.be\/nVTGzCGWvls\">J\u00f3zef Tischner\u2019s Metaphysical Anthropology<\/a>\u00a0<\/em>[paper read by Piotr S. Mazur]<br><br>Pawe\u0142 Skrzydlewski (The State School of Higher Education in Che\u0142m, Poland),\u00a0<a href=\"https:\/\/youtu.be\/Whg4AEtIwTk\"><em>The Role of Latin Civilization in the Development of the Human Person<\/em><\/a><br><br><strong>Keynote Lecture:\u00a0<\/strong>Alexander Pruss (Baylor University, Waco, TX, USA),\u00a0<a href=\"https:\/\/youtu.be\/yMj6gcCvT2E\"><em>God and Beauty<\/em><\/a><br><\/p><\/div>\n\n\n\n<div class=\"wp-block-uagb-faq-child uagb-faq-child__outer-wrap uagb-faq-item uagb-block-2366dd42\" role=\"tab\" tabindex=\"0\"><div class=\"uagb-faq-questions-button uagb-faq-questions\"><span class=\"uagb-icon uagb-faq-icon-wrap\"><svg xmlns=\"https:\/\/www.w3.org\/2000\/svg\" viewBox=\"0 0 448 512\"><path d=\"M224 416c-8.188 0-16.38-3.125-22.62-9.375l-192-192c-12.5-12.5-12.5-32.75 0-45.25s32.75-12.5 45.25 0L224 338.8l169.4-169.4c12.5-12.5 32.75-12.5 45.25 0s12.5 32.75 0 45.25l-192 192C240.4 412.9 232.2 416 224 416z\"><\/path><\/svg><\/span><span class=\"uagb-icon-active uagb-faq-icon-wrap\"><svg xmlns=\"https:\/\/www.w3.org\/2000\/svg\" viewBox=\"0 0 448 512\"><path d=\"M416 352c-8.188 0-16.38-3.125-22.62-9.375L224 173.3l-169.4 169.4c-12.5 12.5-32.75 12.5-45.25 0s-12.5-32.75 0-45.25l192-192c12.5-12.5 32.75-12.5 45.25 0l192 192c12.5 12.5 12.5 32.75 0 45.25C432.4 348.9 424.2 352 416 352z\"><\/path><\/svg><\/span><h4 class=\"uagb-question\">Session 3<\/h4><\/div><p class=\"uagb-faq-content\">Dariusz Da\u0144kowski (Jesuit University Ignatianum in Krakow, Poland),\u00a0<a href=\"https:\/\/youtu.be\/dvFs7uEQfRw\"><em>Discerned Justice and Discursive Justice in Dialogue<\/em><\/a><br><br>Parker Haratine (University of St. Andrews, UK),\u00a0<a href=\"https:\/\/youtu.be\/RrHYxgIh4kI\"><em>Augustine\u2019s Theory of Illumination: A Case Study of Faith and Reason<\/em><\/a><br><br>Evelina Deyneka (University Paris 8 Vincennes \u2013 Saint-Denis, France),\u00a0<a href=\"https:\/\/youtu.be\/KL-rrIegtSY\"><em>Defining Human Consciousness through the Concept of \u201cOneself as Another\u201d: From the History of Christian Thought to the Contemporary Philosophy of Mind<\/em><\/a><br><br>Anthony W. Bartlett (Bethany Center for Nonviolent Theology and Spirituality, Syracuse, NY, USA),\u00a0<a href=\"https:\/\/youtu.be\/-Yn5_IY4jh8\"><em>Dynamic Contemporary Replacement for Traditional Christian Concept \u201cSoul\u201d: Relatio aliter quam esse<\/em><\/a><br><br>Francisco Eduardo Plaza (University of St. Thomas, Houston, TX, USA),\u00a0<a href=\"https:\/\/youtu.be\/IWKqJVqVdPE\"><em>Christian Philosophy as an Existential Habitus<\/em><\/a><\/p><\/div>\n\n\n\n<div class=\"wp-block-uagb-faq-child uagb-faq-child__outer-wrap uagb-faq-item uagb-block-a84aaf39\" role=\"tab\" tabindex=\"0\"><div class=\"uagb-faq-questions-button uagb-faq-questions\"><span class=\"uagb-icon uagb-faq-icon-wrap\"><svg xmlns=\"https:\/\/www.w3.org\/2000\/svg\" viewBox=\"0 0 448 512\"><path d=\"M224 416c-8.188 0-16.38-3.125-22.62-9.375l-192-192c-12.5-12.5-12.5-32.75 0-45.25s32.75-12.5 45.25 0L224 338.8l169.4-169.4c12.5-12.5 32.75-12.5 45.25 0s12.5 32.75 0 45.25l-192 192C240.4 412.9 232.2 416 224 416z\"><\/path><\/svg><\/span><span class=\"uagb-icon-active uagb-faq-icon-wrap\"><svg xmlns=\"https:\/\/www.w3.org\/2000\/svg\" viewBox=\"0 0 448 512\"><path d=\"M416 352c-8.188 0-16.38-3.125-22.62-9.375L224 173.3l-169.4 169.4c-12.5 12.5-32.75 12.5-45.25 0s-12.5-32.75 0-45.25l192-192c12.5-12.5 32.75-12.5 45.25 0l192 192c12.5 12.5 12.5 32.75 0 45.25C432.4 348.9 424.2 352 416 352z\"><\/path><\/svg><\/span><h4 class=\"uagb-question\">Session 4<\/h4><\/div><p class=\"uagb-faq-content\">Special Session titled \u201cPolish Christian Philosophy in XX century\u201d part 2 (session in Polish with English simultaneous translation)<br><br>Piotr Duchli\u0144ski (Jesuit University Ignatianum in Krakow, Poland),\u00a0<a href=\"https:\/\/youtu.be\/0jot2l6Cui8\"><em>Critical Rationalism and Christian Philosophy<\/em><\/a><br><br>Adam \u015awie\u017cy\u0144ski (Cardinal Stefan Wyszy\u0144ski University in Warsaw, Poland),\u00a0<a href=\"https:\/\/youtu.be\/oGnrWMV0TL4\"><em>Kazimierz K\u0142\u00f3sak\u2019s Understanding of Relations between Theology and the Natural Sciences<\/em><\/a><br><br>J\u00f3zef Bremer &amp; Jolanta Koszteyn (Jesuit University Ignatianum in Krakow, Poland),\u00a0<a href=\"https:\/\/youtu.be\/S75yNafJC7g\"><em>The Philosophical Thought of Piotr Lenartowicz<\/em><\/a><br><br>Adam \u015awie\u017cy\u0144ski (Cardinal St<br>efan Wyszy\u0144ski University in Warsaw, Poland),\u00a0<a href=\"https:\/\/youtu.be\/jCNvH7m2fx0\"><em>Kazimierz Kloskowski\u2019s Concept of Philosophy of Nature<\/em><\/a><br>Jacek Grzybowski (Cardinal Stefan Wyszy\u0144ski University in Warsaw, Poland),\u00a0<a href=\"https:\/\/youtu.be\/ehpT2x5AoS4\"><em>\u201cGod or sacrum?\u201d: Zofia J. Zdybicka Contribution to the Discussion About the Contemporary Meaning of Religion<\/em><\/a><br><br><strong>Keynote Lecture:<\/strong>\u00a0John Hittinger (University of St. Thomas, Houston, TX, USA),\u00a0<a href=\"https:\/\/youtu.be\/TL1kpRNq7Wk\"><em>Ask, Seek, Knock: An Augustinian Motif for Christian Philosophy<\/em><\/a><br><\/p><\/div>\n<\/div>\n\n\n\n<div style=\"height:32px\" aria-hidden=\"true\" class=\"wp-block-spacer\"><\/div>\n\n\n\n<h3 class=\"wp-block-heading has-text-align-center\"><strong>Wednesday, 23.09.2020<\/strong><\/h3>\n\n\n\n<div class=\"wp-block-uagb-faq uagb-faq__outer-wrap uagb-block-a1385975 uagb-faq-icon-row-reverse uagb-faq-layout-accordion uagb-faq-expand-first-false uagb-faq-inactive-other-true uagb-faq__wrap uagb-buttons-layout-wrap uagb-faq-equal-height\" data-faqtoggle=\"false\" role=\"tablist\">\n<div class=\"wp-block-uagb-faq-child uagb-faq-child__outer-wrap uagb-faq-item uagb-block-9c033e9b\" role=\"tab\" tabindex=\"0\"><div class=\"uagb-faq-questions-button uagb-faq-questions\"><span class=\"uagb-icon uagb-faq-icon-wrap\"><svg xmlns=\"https:\/\/www.w3.org\/2000\/svg\" viewBox=\"0 0 448 512\"><path d=\"M224 416c-8.188 0-16.38-3.125-22.62-9.375l-192-192c-12.5-12.5-12.5-32.75 0-45.25s32.75-12.5 45.25 0L224 338.8l169.4-169.4c12.5-12.5 32.75-12.5 45.25 0s12.5 32.75 0 45.25l-192 192C240.4 412.9 232.2 416 224 416z\"><\/path><\/svg><\/span><span class=\"uagb-icon-active uagb-faq-icon-wrap\"><svg xmlns=\"https:\/\/www.w3.org\/2000\/svg\" viewBox=\"0 0 448 512\"><path d=\"M416 352c-8.188 0-16.38-3.125-22.62-9.375L224 173.3l-169.4 169.4c-12.5 12.5-32.75 12.5-45.25 0s-12.5-32.75 0-45.25l192-192c12.5-12.5 32.75-12.5 45.25 0l192 192c12.5 12.5 12.5 32.75 0 45.25C432.4 348.9 424.2 352 416 352z\"><\/path><\/svg><\/span><h4 class=\"uagb-question\">Session 5<\/h4><\/div><p class=\"uagb-faq-content\">Anna Zhyrkova (Jesuit University Ignatianum in Krakow, Poland),\u00a0<a href=\"https:\/\/youtu.be\/jmhBcIjegIM\"><em>Can We Predicate of and Speak about God, and What are the Rules for Doing So? On the Epistemological and Logical Premises of Conciliar Trinitarianism<\/em><\/a><br><br>Joshua Cedric A. Gundayao (University of the Philippines Diliman, Quezon City, Philippines),\u00a0<a href=\"https:\/\/youtu.be\/c8Uli-j17FE\"><em>De Triplicia Via: Revisiting St. Bonaventure\u2019s Rectification of the Will in the Modern World<\/em><\/a><br><br>Marcin Podbielski (Jesuit University Ignatianum in Krakow, Poland),\u00a0<a href=\"https:\/\/youtu.be\/B8ZTLY8Lgq4\"><em>Trusting the Words, Trusting the Truth: How Theology Created the First Christian Philosophy<\/em><\/a><br><br>Silvia Parigi (Istituto Italiano per gli Studi Filosofici, Naples, Italy),\u00a0<a href=\"https:\/\/youtu.be\/EpuQ636dQi4\"><em>Jesuits and Action at a Distance: Athanasius Kircher\u2019s Universal Magnetism<\/em><\/a><br><br>Wojciech Szczerba (Evangelical School of Theology, Wroc\u0142aw &amp; Von H\u00fcgel Institute at St Edmund\u2019s College, University of Cambridge),\u00a0<a href=\"https:\/\/youtu.be\/TyxWW0MElhA\"><em>The Concept of Universal Salvation in the Thought of Friedrich Schleiermacher<\/em><\/a><\/p><\/div>\n\n\n\n<div class=\"wp-block-uagb-faq-child uagb-faq-child__outer-wrap uagb-faq-item uagb-block-616f31bb\" role=\"tab\" tabindex=\"0\"><div class=\"uagb-faq-questions-button uagb-faq-questions\"><span class=\"uagb-icon uagb-faq-icon-wrap\"><svg xmlns=\"https:\/\/www.w3.org\/2000\/svg\" viewBox=\"0 0 448 512\"><path d=\"M224 416c-8.188 0-16.38-3.125-22.62-9.375l-192-192c-12.5-12.5-12.5-32.75 0-45.25s32.75-12.5 45.25 0L224 338.8l169.4-169.4c12.5-12.5 32.75-12.5 45.25 0s12.5 32.75 0 45.25l-192 192C240.4 412.9 232.2 416 224 416z\"><\/path><\/svg><\/span><span class=\"uagb-icon-active uagb-faq-icon-wrap\"><svg xmlns=\"https:\/\/www.w3.org\/2000\/svg\" viewBox=\"0 0 448 512\"><path d=\"M416 352c-8.188 0-16.38-3.125-22.62-9.375L224 173.3l-169.4 169.4c-12.5 12.5-32.75 12.5-45.25 0s-12.5-32.75 0-45.25l192-192c12.5-12.5 32.75-12.5 45.25 0l192 192c12.5 12.5 12.5 32.75 0 45.25C432.4 348.9 424.2 352 416 352z\"><\/path><\/svg><\/span><h4 class=\"uagb-question\">Session 6<\/h4><\/div><p class=\"uagb-faq-content\">Special Session titled \u201cPolish Christian Philosophy in XX century\u201d, part 3 (session in Polish with English simultaneous translation)<br><br>Piotr S. Mazur (Jesuit University Ignatianum in Krakow, Poland),\u00a0<a href=\"https:\/\/youtu.be\/PXm6f3k4kS4\"><em>Christian Philosophy: Its Struggles and Challenges<\/em><\/a><br><br>Ryszard Mo\u0144 (Collegium Joanneum, Warsaw, Poland),\u00a0<a href=\"https:\/\/youtu.be\/4mipJi1Wo1M\"><em>The Experience of a Person as a Starting Point in the Search for Truth and Good. Philosophy of Tadeusz Stycze\u0144<\/em><\/a><br><br>Andrzej Kobyli\u0144ski (Cardinal Stefan Wyszy\u0144ski University in Warsaw, Poland),\u00a0<a href=\"https:\/\/youtu.be\/qnTlJnVN_cE\"><em>J\u00f3zef Maria Boche\u0144ski vs. Tadeusz \u015alipko: A Critical Analysis of Marxism and Communism from the Perspective of Christian Philosophy on Both Sides of the Iron Curtain<\/em><\/a><br><br>Ewa Podrez (Cardinal Stefan Wyszy\u0144ski University in Warsaw, Poland),\u00a0<a href=\"https:\/\/youtu.be\/ZcmmlEky5Do\"><em>Christian Ethics and its Relation to Culture. Reflections on the Existence of a Values<\/em><\/a><br><br>Maciej Ba\u0142a (Cardinal Stefan Wyszy\u0144ski University in Warsaw, Poland),\u00a0<a href=\"https:\/\/youtu.be\/Med9sujEGJs\"><em>From a Foundation to a Phenomenon or from a Phenomenon to a Foundation? Two Polish Schools of Philosophy of Religion<\/em><\/a><\/p><\/div>\n\n\n\n<div class=\"wp-block-uagb-faq-child uagb-faq-child__outer-wrap uagb-faq-item uagb-block-ce1652a3\" role=\"tab\" tabindex=\"0\"><div class=\"uagb-faq-questions-button uagb-faq-questions\"><span class=\"uagb-icon uagb-faq-icon-wrap\"><svg xmlns=\"https:\/\/www.w3.org\/2000\/svg\" viewBox=\"0 0 448 512\"><path d=\"M224 416c-8.188 0-16.38-3.125-22.62-9.375l-192-192c-12.5-12.5-12.5-32.75 0-45.25s32.75-12.5 45.25 0L224 338.8l169.4-169.4c12.5-12.5 32.75-12.5 45.25 0s12.5 32.75 0 45.25l-192 192C240.4 412.9 232.2 416 224 416z\"><\/path><\/svg><\/span><span class=\"uagb-icon-active uagb-faq-icon-wrap\"><svg xmlns=\"https:\/\/www.w3.org\/2000\/svg\" viewBox=\"0 0 448 512\"><path d=\"M416 352c-8.188 0-16.38-3.125-22.62-9.375L224 173.3l-169.4 169.4c-12.5 12.5-32.75 12.5-45.25 0s-12.5-32.75 0-45.25l192-192c12.5-12.5 32.75-12.5 45.25 0l192 192c12.5 12.5 12.5 32.75 0 45.25C432.4 348.9 424.2 352 416 352z\"><\/path><\/svg><\/span><h4 class=\"uagb-question\">Session 7<\/h4><\/div><p class=\"uagb-faq-content\">Anthony Chukwuebuka Ohaekwusi (John Paul II Catholic University of Lublin, Poland),\u00a0<a href=\"https:\/\/youtu.be\/NvBN9Mir1wM\"><em>Religion and Counterterrorism: Any Lessons from Christian Philosophy of Nonviolence?<\/em><\/a><br><br>Daniel Spencer (University of St. Andrews, UK),\u00a0<a href=\"https:\/\/youtu.be\/2hkD2E8DcBw\"><em>Mysticism and Philosophical Analysis: Some Christian Strategies<\/em><\/a><br><br>James D. Capehart,\u00a0<a href=\"https:\/\/youtu.be\/UTOUpgWhrCg\"><em>\u00c9tienne Gilson and Three Stages of His Christian Philosophy<\/em><\/a><br><br>B\u00e1lint B\u00e9kefi (King\u2019s Evangelical Divinity School, University of Chester, UK),\u00a0<a href=\"https:\/\/youtu.be\/BQzgMICjCik\"><em>Knowledge and the Fall in American Neo-Calvinism: Toward a Van Til-Plantinga Synthesis<\/em><\/a><\/p><\/div>\n\n\n\n<div class=\"wp-block-uagb-faq-child uagb-faq-child__outer-wrap uagb-faq-item uagb-block-6b41b81a\" role=\"tab\" tabindex=\"0\"><div class=\"uagb-faq-questions-button uagb-faq-questions\"><span class=\"uagb-icon uagb-faq-icon-wrap\"><svg xmlns=\"https:\/\/www.w3.org\/2000\/svg\" viewBox=\"0 0 448 512\"><path d=\"M224 416c-8.188 0-16.38-3.125-22.62-9.375l-192-192c-12.5-12.5-12.5-32.75 0-45.25s32.75-12.5 45.25 0L224 338.8l169.4-169.4c12.5-12.5 32.75-12.5 45.25 0s12.5 32.75 0 45.25l-192 192C240.4 412.9 232.2 416 224 416z\"><\/path><\/svg><\/span><span class=\"uagb-icon-active uagb-faq-icon-wrap\"><svg xmlns=\"https:\/\/www.w3.org\/2000\/svg\" viewBox=\"0 0 448 512\"><path d=\"M416 352c-8.188 0-16.38-3.125-22.62-9.375L224 173.3l-169.4 169.4c-12.5 12.5-32.75 12.5-45.25 0s-12.5-32.75 0-45.25l192-192c12.5-12.5 32.75-12.5 45.25 0l192 192c12.5 12.5 12.5 32.75 0 45.25C432.4 348.9 424.2 352 416 352z\"><\/path><\/svg><\/span><h4 class=\"uagb-question\">Session 8<\/h4><\/div><p class=\"uagb-faq-content\">Grzegorz Ho\u0142ub (Pontifical University of John Paul II in Krakow, Poland),\u00a0<a href=\"https:\/\/youtu.be\/jbirjUY_mKM\"><em>Validity of Karol Wojty\u0142a\u2019s Philosophy Today<\/em><\/a><br><br>Enrico Cerasi (Vita-Salute San Raffaele University, Milan, Italy),\u00a0<a href=\"https:\/\/youtu.be\/5PwhbnBbkEY\"><em>George Lindbeck and Post-Liberal Theology<\/em><\/a><br><br>Alex R. Gillham (St. Bonaventure University, NY, USA),\u00a0<em>Epicurean Ethics, Completeness, and the Problem of Creation\u00a0<\/em>[not available]<br><br>Tommaso Manzon (University of Trento, Italy),\u00a0<a href=\"https:\/\/youtu.be\/hSlHLTuFgpQ\"><em>On the Concept of Sapientiae Christianae in St. Bonaventure: The Itinerarium Mentis in Deum as a Framework for a Christian Approach to Human Knowledge<\/em><\/a><br><br><strong>Keynote Lecture:<\/strong>\u00a0Ted Peters (Center for Theology and the Natural Sciences, Graduate Theological Union, Berkeley, CA, USA),\u00a0<a href=\"https:\/\/youtu.be\/krsKxGF5IGY\"><em>Natural Science in Public Christian Philosophy and Public Systematic Theology<\/em><\/a><\/p><\/div>\n<\/div>\n<div class=\"mdp-speaker-wrapper\">\n            \n            \n            \n            \n            <div class=\"mdp-speaker-box mdp-speaker-box after-content speaker-mediaelement\">\n                <div class=\"mdp-speaker-player\"  data-type=\"speaker-mediaelement\" data-id=\"1234\" data-src=\"http:\/\/pchph.ignatianum.edu.pl\/wp-content\/uploads\/sites\/18\/speaker\/post-1234.mp3?cb=1719465185.mp3\" data-download=\"1\" data-speeds=\"0.5,0.75,1,1.25,1.5\" data-share=\"\" >\n                    <!--[if lt IE 9]><script>document.createElement('audio');<\/script><![endif]-->\n<audio aria-label=\"Audio of Christian Philosophy: Its Past, Present and Future\"class=\"wp-audio-shortcode\" id=\"audio-1234-1\" preload=\"metadata\" style=\"width: 100%;\" controls=\"controls\"><source type=\"audio\/mpeg\" src=\"http:\/\/pchph.ignatianum.edu.pl\/wp-content\/uploads\/sites\/18\/speaker\/post-1234.mp3?cb=1719465185.mp3&#038;_=1\" \/><a href=\"http:\/\/pchph.ignatianum.edu.pl\/wp-content\/uploads\/sites\/18\/speaker\/post-1234.mp3?cb=1719465185.mp3\">http:\/\/pchph.ignatianum.edu.pl\/wp-content\/uploads\/sites\/18\/speaker\/post-1234.mp3?cb=1719465185.mp3<\/a><\/audio>\n                <\/div>\n            <\/div>\n            \n            \n            \n            \n\t\t\t<\/div><!-- PMB print buttons is only displayed on a single post\/page URLs-->","protected":false},"excerpt":{"rendered":"On September 22\u201323, 2020, the international conference \u201cChristian Philosophy: Its Past, Present and Future\u201d was held in Krakow. The aim of the conference was to summarize the project \u201cMonuments of [&hellip;]","protected":false},"author":7,"featured_media":0,"parent":0,"menu_order":0,"comment_status":"closed","ping_status":"closed","template":"","meta":{"_acf_changed":false,"_uag_custom_page_level_css":"","site-sidebar-layout":"default","site-content-layout":"","ast-site-content-layout":"","site-content-style":"default","site-sidebar-style":"default","ast-global-header-display":"","ast-banner-title-visibility":"","ast-main-header-display":"","ast-hfb-above-header-display":"","ast-hfb-below-header-display":"","ast-hfb-mobile-header-display":"","site-post-title":"","ast-breadcrumbs-content":"","ast-featured-img":"","footer-sml-layout":"","theme-transparent-header-meta":"","adv-header-id-meta":"","stick-header-meta":"","header-above-stick-meta":"","header-main-stick-meta":"","header-below-stick-meta":"","astra-migrate-meta-layouts":"default","ast-page-background-enabled":"default","ast-page-background-meta":{"desktop":{"background-color":"var(--ast-global-color-4)","background-image":"","background-repeat":"repeat","background-position":"center center","background-size":"auto","background-attachment":"scroll","background-type":"","background-media":"","overlay-type":"","overlay-color":"","overlay-opacity":"","overlay-gradient":""},"tablet":{"background-color":"","background-image":"","background-repeat":"repeat","background-position":"center center","background-size":"auto","background-attachment":"scroll","background-type":"","background-media":"","overlay-type":"","overlay-color":"","overlay-opacity":"","overlay-gradient":""},"mobile":{"background-color":"","background-image":"","background-repeat":"repeat","background-position":"center center","background-size":"auto","background-attachment":"scroll","background-type":"","background-media":"","overlay-type":"","overlay-color":"","overlay-opacity":"","overlay-gradient":""}},"ast-content-background-meta":{"desktop":{"background-color":"var(--ast-global-color-5)","background-image":"","background-repeat":"repeat","background-position":"center center","background-size":"auto","background-attachment":"scroll","background-type":"","background-media":"","overlay-type":"","overlay-color":"","overlay-opacity":"","overlay-gradient":""},"tablet":{"background-color":"var(--ast-global-color-5)","background-image":"","background-repeat":"repeat","background-position":"center center","background-size":"auto","background-attachment":"scroll","background-type":"","background-media":"","overlay-type":"","overlay-color":"","overlay-opacity":"","overlay-gradient":""},"mobile":{"background-color":"var(--ast-global-color-5)","background-image":"","background-repeat":"repeat","background-position":"center center","background-size":"auto","background-attachment":"scroll","background-type":"","background-media":"","overlay-type":"","overlay-color":"","overlay-opacity":"","overlay-gradient":""}},"ngg_post_thumbnail":0,"footnotes":""},"acf":[],"uagb_featured_image_src":{"full":false,"thumbnail":false,"medium":false,"medium_large":false,"large":false,"1536x1536":false,"2048x2048":false},"uagb_author_info":{"display_name":"pszczubelek","author_link":"https:\/\/pchph.ignatianum.edu.pl\/en\/author\/pszczubelek\/"},"uagb_comment_info":0,"uagb_excerpt":"On September 22\u201323, 2020, the international conference \u201cChristian Philosophy: Its Past, Present and Future\u201d was held in Krakow. The aim of the conference was to summarize the project \u201cMonuments of [&hellip;]","_links":{"self":[{"href":"https:\/\/pchph.ignatianum.edu.pl\/en\/wp-json\/wp\/v2\/pages\/1234"}],"collection":[{"href":"https:\/\/pchph.ignatianum.edu.pl\/en\/wp-json\/wp\/v2\/pages"}],"about":[{"href":"https:\/\/pchph.ignatianum.edu.pl\/en\/wp-json\/wp\/v2\/types\/page"}],"author":[{"embeddable":true,"href":"https:\/\/pchph.ignatianum.edu.pl\/en\/wp-json\/wp\/v2\/users\/7"}],"replies":[{"embeddable":true,"href":"https:\/\/pchph.ignatianum.edu.pl\/en\/wp-json\/wp\/v2\/comments?post=1234"}],"version-history":[{"count":2,"href":"https:\/\/pchph.ignatianum.edu.pl\/en\/wp-json\/wp\/v2\/pages\/1234\/revisions"}],"predecessor-version":[{"id":1373,"href":"https:\/\/pchph.ignatianum.edu.pl\/en\/wp-json\/wp\/v2\/pages\/1234\/revisions\/1373"}],"wp:attachment":[{"href":"https:\/\/pchph.ignatianum.edu.pl\/en\/wp-json\/wp\/v2\/media?parent=1234"}],"curies":[{"name":"wp","href":"https:\/\/api.w.org\/{rel}","templated":true}]}}