{"id":1238,"date":"2023-09-12T12:16:20","date_gmt":"2023-09-12T10:16:20","guid":{"rendered":"https:\/\/pchph.uniwersytet.ignatianum.edu.pl\/?page_id=1238"},"modified":"2023-09-28T11:46:46","modified_gmt":"2023-09-28T09:46:46","slug":"reviews","status":"publish","type":"page","link":"https:\/\/pchph.ignatianum.edu.pl\/en\/reviews\/","title":{"rendered":"Reviews"},"content":{"rendered":"\n<h2 class=\"wp-block-heading has-text-align-center\">Reviews, overviews and bibliographic notes of the volumes published within the frame of the project<\/h2>\n\n\n\n<p><strong>\u201cThe Polish Christian Philosophy in the 20th Century: Project Review\u201d<\/strong><\/p>\n\n\n<div class=\"bst-filelist__item\">\n        <a class=\"bst-filelist__item-link\" href=\"https:\/\/pchph.ignatianum.edu.pl\/wp-content\/uploads\/sites\/18\/2023\/09\/Jemiol_review.pdf\">\n            <span class=\"bst-filelist__item-text\">&amp;nbsp;recenzja Maciej Jemio\u0142&amp;nbsp;w: \u201eEsp\u00edritu\u201d 70&amp;nbsp;(2021), no.&amp;nbsp;162, 503\u2013507<\/span>\n            <span class=\"bst-filelist__item-details\">\n                <span class=\"bst-filelist__item-format\">PDF<\/span>\n                <span class=\"bst-filelist__item-size\">112 KB<\/span>\n            <\/span>\n        <\/a>\n        <div class=\"bst-filelist__item-container\">\n            <a class=\"bst-filelist__item-link\" href=\"https:\/\/pchph.ignatianum.edu.pl\/wp-content\/uploads\/sites\/18\/2023\/09\/Jemiol_review.pdf\"  download>\n                <span class=\"bst-filelist__item-icon\"><\/span>\n            <\/a>\n        <\/div>\n    <\/div>\n\n\n\n<div style=\"height:50px\" aria-hidden=\"true\" class=\"wp-block-spacer\"><\/div>\n\n\n\n<p><strong>\u201cA Companion to Polish Christian Philosophy of the 20th and 21st Centuries,&nbsp;eds. Piotr S.&nbsp;Mazur, Piotr Duchlinski, Pawe\u0142 Skrzydlewski. Krak\u00f3w: Ignatianum University Press, 2020\u201d<\/strong><\/p>\n\n\n<div class=\"bst-filelist__item\">\n        <a class=\"bst-filelist__item-link\" href=\"https:\/\/pchph.ignatianum.edu.pl\/wp-content\/uploads\/sites\/18\/2023\/09\/10.hancock.pdf\">\n            <span class=\"bst-filelist__item-text\">recenzja Curtis Hancock w: \u201eForum Philosophicum\u201d,26 (2021) no. 2, 345\u201350,&amp;nbsp;DOI:10.35765\/forphil.2021.2602.10<\/span>\n            <span class=\"bst-filelist__item-details\">\n                <span class=\"bst-filelist__item-format\">PDF<\/span>\n                <span class=\"bst-filelist__item-size\">157 KB<\/span>\n            <\/span>\n        <\/a>\n        <div class=\"bst-filelist__item-container\">\n            <a class=\"bst-filelist__item-link\" href=\"https:\/\/pchph.ignatianum.edu.pl\/wp-content\/uploads\/sites\/18\/2023\/09\/10.hancock.pdf\"  download>\n                <span class=\"bst-filelist__item-icon\"><\/span>\n            <\/a>\n        <\/div>\n    <\/div>\n\n\n\n<div style=\"height:50px\" aria-hidden=\"true\" class=\"wp-block-spacer\"><\/div>\n\n\n\n<p><strong>Jakub Pru\u015b, \u201eFilozofia chrze\u015bcija\u0144ska? Kilka my\u015bli po&nbsp;lekturze&nbsp;Przewodnika po&nbsp;polskiej filozofii chrze\u015bcija\u0144skiej&nbsp;XX&nbsp;i&nbsp;XXI&nbsp;wieku\u201d<\/strong><\/p>\n\n\n\n<ul class=\"bs-link-block\">\n<li><a href=\"https:\/\/filozofuj.eu\/jakub-prus-filozofia-chrzescijanska-kilka-mysli-po-lekturze-przewodnika-po-polskiej-filozofii-chrzescijanskiej-xx-i-xxi-wieku\/\">\u201e<\/a><a href=\"https:\/\/filozofuj.eu\/jakub-prus-filozofia-chrzescijanska-kilka-mysli-po-lekturze-przewodnika-po-polskiej-filozofii-chrzescijanskiej-xx-i-xxi-wieku\/\">Filozofuj!\u201d, 4&nbsp; Listopad 2021<\/a>.<\/li>\n<\/ul>\n\n\n\n<div style=\"height:50px\" aria-hidden=\"true\" class=\"wp-block-spacer\"><\/div>\n\n\n\n<p><strong>Walter Van Herck (University of Antwerp and University of Ghent), Om\u00f3wienie serii \u201eThe Polish Christian Philosophy in the 20th Century\u201d \u2014 opublikowano w:&nbsp;<em>Tijdschrift voor Filosofie<\/em>&nbsp;[forthcoming issue]<\/strong><\/p>\n\n\n<div class=\"bst-filelist__item\">\n        <a class=\"bst-filelist__item-link\" href=\"https:\/\/pchph.ignatianum.edu.pl\/wp-content\/uploads\/sites\/18\/2023\/09\/TVF_83-3_07_polish-christian-philosophy.pdf\">\n            <span class=\"bst-filelist__item-text\">TVF_83-3_07_polish-christian-philosophy<\/span>\n            <span class=\"bst-filelist__item-details\">\n                <span class=\"bst-filelist__item-format\">PDF<\/span>\n                <span class=\"bst-filelist__item-size\">210 KB<\/span>\n            <\/span>\n        <\/a>\n        <div class=\"bst-filelist__item-container\">\n            <a class=\"bst-filelist__item-link\" href=\"https:\/\/pchph.ignatianum.edu.pl\/wp-content\/uploads\/sites\/18\/2023\/09\/TVF_83-3_07_polish-christian-philosophy.pdf\"  download>\n                <span class=\"bst-filelist__item-icon\"><\/span>\n            <\/a>\n        <\/div>\n    <\/div>\n\n\n\n<div style=\"height:50px\" aria-hidden=\"true\" class=\"wp-block-spacer\"><\/div>\n\n\n\n<p><strong><em>Piotr Lenartowicz<\/em>&nbsp;(The Polish Christian Philosophy in the 20th Century). Edited by J\u00f3zef Bremer, Damian Leszczy\u0144ski, Stanis\u0142aw \u0141ucarz, Jolanta Koszteyn. Krakow: Ignatianum University Press, 2019<\/strong><\/p>\n\n\n\n<ul class=\"bs-link-block\">\n<li><a href=\"https:\/\/forumphilosophicum.ignatianum.edu.pl\/6718-2601-11.html\"><\/a><a href=\"https:\/\/forumphilosophicum.ignatianum.edu.pl\/6718-2601-11.html\">recenzja Brendan Sweetman w: \u201eForum Philosophicum&#8221; 26 (2021) no. 1, 169\u201371, DOI:10.35765\/forphil.2021.2601.11<\/a><\/li>\n<\/ul>\n\n\n\n<div style=\"height:50px\" aria-hidden=\"true\" class=\"wp-block-spacer\"><\/div>\n\n\n\n<p><strong><em>Tadeusz \u015alipko<\/em>&nbsp;(The Polish Christian Philosophy in the 20th Century). Edited by Ewa Podrez. Krakow: Ignatianum University Press, 2019 \u2014&nbsp;<\/strong><\/p>\n\n\n\n<ul class=\"bs-link-block\">\n<li><a href=\"#\"><\/a><a href=\"https:\/\/forumphilosophicum.ignatianum.edu.pl\/6716-2601-10.html\">recenzja Christopher Tollefsen w: \u201eForum Philosophicum&#8221; 26 (2021) no. 1, 163\u20138,&nbsp; DOI:10.35765\/forphil.2021.2601.10<\/a><\/li>\n<\/ul>\n\n\n\n<div style=\"height:50px\" aria-hidden=\"true\" class=\"wp-block-spacer\"><\/div>\n\n\n\n<p><strong><em>Mieczys\u0142aw Gogacz<\/em>&nbsp;(The Polish Christian Philosophy in the 20th Century). Edited by Artur Andrzejuk, Dawid Lipski, Magdalena P\u0142otka, and Micha\u0142 Zembrzuski. Krakow: Ignatianum University Press, 2019<\/strong><\/p>\n\n\n\n<ul class=\"bs-link-block\">\n<li><a href=\"https:\/\/forumphilosophicum.ignatianum.edu.pl\/3718-2502-23.html\">&nbsp;recenzja Francisco E. Plaza w: \u201eForum Philosophicum&#8221; 25 (2020) no. 2, 348\u201355,&nbsp; DOI:10.35765\/forphil.2020.2502.23<\/a><\/li>\n<\/ul>\n\n\n\n<div style=\"height:50px\" aria-hidden=\"true\" class=\"wp-block-spacer\"><\/div>\n\n\n\n<p><strong>Jacek Woroniecki (The Polish Christian Philosophy in the 20th Century). Edited by Piotr S. Mazur, Barbara Kiere\u015b, Ryszard Skrzyniarz, and Agata P\u0142azi\u0144ska. Krakow: Ignatianum University Press, 2019<\/strong><\/p>\n\n\n\n<ul class=\"bs-link-block\">\n<li><a href=\"#\"><\/a><a href=\"https:\/\/forumphilosophicum.ignatianum.edu.pl\/3719-2502-22.html\">recenzja Mark K. Spencer w: \u201eForum Philosophicum&#8221; 25 (<\/a><a href=\"#\"><\/a>2020) no. 2, 341\u201347, DOI:10.35765\/forphil.2020.2502.22<\/li>\n<\/ul>\n\n\n\n<div style=\"height:50px\" aria-hidden=\"true\" class=\"wp-block-spacer\"><\/div>\n\n\n\n<p><strong><em>Stanis\u0142aw Kami\u0144ski<\/em>&nbsp;(The Polish Christian Philosophy in the 20th Century). Edited by Kazimierz M. Wolsza. Krakow: Ignatianum University Press, 2019 \u2014&nbsp;<\/strong><\/p>\n\n\n\n<ul class=\"bs-link-block\">\n<li><a href=\"https:\/\/forumphilosophicum.ignatianum.edu.pl\/3692-2501-13.html\">recenzja Philemon Ayibo w: \u201eForum Philosophicum&#8221; 25 (2020) no. 1, 192\u201397, DOI:10.35765\/forphil.2020.2501.12<\/a><\/li>\n<\/ul>\n<div class=\"mdp-speaker-wrapper\">\n            \n            \n            \n            \n            <div class=\"mdp-speaker-box mdp-speaker-box after-content speaker-mediaelement\">\n                <div class=\"mdp-speaker-player\"  data-type=\"speaker-mediaelement\" data-id=\"1238\" data-src=\"http:\/\/pchph.ignatianum.edu.pl\/wp-content\/uploads\/sites\/18\/speaker\/post-1238.mp3?cb=1719465226.mp3\" data-download=\"1\" data-speeds=\"0.5,0.75,1,1.25,1.5\" data-share=\"\" >\n                    <!--[if lt IE 9]><script>document.createElement('audio');<\/script><![endif]-->\n<audio aria-label=\"Audio of Reviews\"class=\"wp-audio-shortcode\" id=\"audio-1238-1\" preload=\"metadata\" style=\"width: 100%;\" controls=\"controls\"><source type=\"audio\/mpeg\" src=\"http:\/\/pchph.ignatianum.edu.pl\/wp-content\/uploads\/sites\/18\/speaker\/post-1238.mp3?cb=1719465226.mp3&#038;_=1\" \/><a href=\"http:\/\/pchph.ignatianum.edu.pl\/wp-content\/uploads\/sites\/18\/speaker\/post-1238.mp3?cb=1719465226.mp3\">http:\/\/pchph.ignatianum.edu.pl\/wp-content\/uploads\/sites\/18\/speaker\/post-1238.mp3?cb=1719465226.mp3<\/a><\/audio>\n                <\/div>\n            <\/div>\n            \n            \n            \n            \n\t\t\t<\/div><!-- PMB print buttons is only displayed on a single post\/page URLs-->","protected":false},"excerpt":{"rendered":"Reviews, overviews and bibliographic notes of the volumes published within the frame of the project \u201cThe Polish Christian Philosophy in the 20th Century: Project Review\u201d \u201cA Companion to Polish Christian [&hellip;]","protected":false},"author":7,"featured_media":0,"parent":0,"menu_order":0,"comment_status":"closed","ping_status":"closed","template":"","meta":{"_acf_changed":false,"_uag_custom_page_level_css":"","site-sidebar-layout":"default","site-content-layout":"","ast-site-content-layout":"","site-content-style":"default","site-sidebar-style":"default","ast-global-header-display":"","ast-banner-title-visibility":"","ast-main-header-display":"","ast-hfb-above-header-display":"","ast-hfb-below-header-display":"","ast-hfb-mobile-header-display":"","site-post-title":"","ast-breadcrumbs-content":"","ast-featured-img":"","footer-sml-layout":"","theme-transparent-header-meta":"","adv-header-id-meta":"","stick-header-meta":"","header-above-stick-meta":"","header-main-stick-meta":"","header-below-stick-meta":"","astra-migrate-meta-layouts":"default","ast-page-background-enabled":"default","ast-page-background-meta":{"desktop":{"background-color":"var(--ast-global-color-4)","background-image":"","background-repeat":"repeat","background-position":"center center","background-size":"auto","background-attachment":"scroll","background-type":"","background-media":"","overlay-type":"","overlay-color":"","overlay-opacity":"","overlay-gradient":""},"tablet":{"background-color":"","background-image":"","background-repeat":"repeat","background-position":"center center","background-size":"auto","background-attachment":"scroll","background-type":"","background-media":"","overlay-type":"","overlay-color":"","overlay-opacity":"","overlay-gradient":""},"mobile":{"background-color":"","background-image":"","background-repeat":"repeat","background-position":"center center","background-size":"auto","background-attachment":"scroll","background-type":"","background-media":"","overlay-type":"","overlay-color":"","overlay-opacity":"","overlay-gradient":""}},"ast-content-background-meta":{"desktop":{"background-color":"var(--ast-global-color-5)","background-image":"","background-repeat":"repeat","background-position":"center center","background-size":"auto","background-attachment":"scroll","background-type":"","background-media":"","overlay-type":"","overlay-color":"","overlay-opacity":"","overlay-gradient":""},"tablet":{"background-color":"var(--ast-global-color-5)","background-image":"","background-repeat":"repeat","background-position":"center center","background-size":"auto","background-attachment":"scroll","background-type":"","background-media":"","overlay-type":"","overlay-color":"","overlay-opacity":"","overlay-gradient":""},"mobile":{"background-color":"var(--ast-global-color-5)","background-image":"","background-repeat":"repeat","background-position":"center center","background-size":"auto","background-attachment":"scroll","background-type":"","background-media":"","overlay-type":"","overlay-color":"","overlay-opacity":"","overlay-gradient":""}},"ngg_post_thumbnail":0,"footnotes":""},"acf":[],"uagb_featured_image_src":{"full":false,"thumbnail":false,"medium":false,"medium_large":false,"large":false,"1536x1536":false,"2048x2048":false},"uagb_author_info":{"display_name":"pszczubelek","author_link":"https:\/\/pchph.ignatianum.edu.pl\/en\/author\/pszczubelek\/"},"uagb_comment_info":0,"uagb_excerpt":"Reviews, overviews and bibliographic notes of the volumes published within the frame of the project \u201cThe Polish Christian Philosophy in the 20th Century: Project Review\u201d \u201cA Companion to Polish Christian [&hellip;]","_links":{"self":[{"href":"https:\/\/pchph.ignatianum.edu.pl\/en\/wp-json\/wp\/v2\/pages\/1238"}],"collection":[{"href":"https:\/\/pchph.ignatianum.edu.pl\/en\/wp-json\/wp\/v2\/pages"}],"about":[{"href":"https:\/\/pchph.ignatianum.edu.pl\/en\/wp-json\/wp\/v2\/types\/page"}],"author":[{"embeddable":true,"href":"https:\/\/pchph.ignatianum.edu.pl\/en\/wp-json\/wp\/v2\/users\/7"}],"replies":[{"embeddable":true,"href":"https:\/\/pchph.ignatianum.edu.pl\/en\/wp-json\/wp\/v2\/comments?post=1238"}],"version-history":[{"count":7,"href":"https:\/\/pchph.ignatianum.edu.pl\/en\/wp-json\/wp\/v2\/pages\/1238\/revisions"}],"predecessor-version":[{"id":1659,"href":"https:\/\/pchph.ignatianum.edu.pl\/en\/wp-json\/wp\/v2\/pages\/1238\/revisions\/1659"}],"wp:attachment":[{"href":"https:\/\/pchph.ignatianum.edu.pl\/en\/wp-json\/wp\/v2\/media?parent=1238"}],"curies":[{"name":"wp","href":"https:\/\/api.w.org\/{rel}","templated":true}]}}